{"id":500,"date":"2020-08-21T11:54:39","date_gmt":"2020-08-21T08:54:39","guid":{"rendered":"http:\/\/www.idc-defence.com\/haritalama-ve-temizleme\/"},"modified":"2020-08-21T11:55:32","modified_gmt":"2020-08-21T08:55:32","slug":"mapping-and-cleaning","status":"publish","type":"page","link":"https:\/\/www.idc-defence.com\/en\/mapping-and-cleaning\/","title":{"rendered":"Mapping and Cleaning"},"content":{"rendered":"<p><img loading=\"lazy\" decoding=\"async\" class=\"alignright size-full wp-image-496\" src=\"https:\/\/www.idc-defence.com\/wp-content\/uploads\/2020\/08\/ht1.jpg\" alt=\"\" width=\"200\" height=\"138\" srcset=\"https:\/\/www.idc-defence.com\/wp-content\/uploads\/2020\/08\/ht1.jpg 200w, https:\/\/www.idc-defence.com\/wp-content\/uploads\/2020\/08\/ht1-50x35.jpg 50w, https:\/\/www.idc-defence.com\/wp-content\/uploads\/2020\/08\/ht1-109x75.jpg 109w\" sizes=\"auto, (max-width:767px) 200px, 200px\" \/>Tespit sistemleri ile yerleri belirlenen may\u0131nlar\u0131n bulundu\u011fu b\u00f6lgede \u00f6ncelikle i\u015faretleme yap\u0131l\u0131r. Tespit edilen her may\u0131n i\u015faretlendikten sonra b\u00f6lgenin haritas\u0131 \u00e7\u0131kar\u0131l\u0131r. \u0130\u015faretlenen b\u00f6lgeler personel giri\u015fini engellemek i\u00e7in uyar\u0131 \u015ferit ve ikazlar\u0131 ile belirlenir.<\/p>\n<p>First of all marking is conducted to area where the mined\u00a0 places detected by detection systems. After every mine has been marked, the area is mapped. The marked places are indicated with caution strips\u00a0 and\u00a0 warnings in order to prevent staff entrance.<\/p>\n<p>All mines detected with their locations are indicated on the map with area specifications.<\/p>\n<p>After the mined area properties are determined and mapping completed, demining action is started.<\/p>\n<p>According to the location map, demining is done by:<\/p>\n<ul>\n<li>Manually or<\/li>\n<li>Mechanical\/robotic systems<\/li>\n<\/ul>\n<p><img loading=\"lazy\" decoding=\"async\" class=\"alignleft size-full wp-image-498\" src=\"https:\/\/www.idc-defence.com\/wp-content\/uploads\/2020\/08\/ht2.jpg\" alt=\"\" width=\"250\" height=\"84\" srcset=\"https:\/\/www.idc-defence.com\/wp-content\/uploads\/2020\/08\/ht2.jpg 250w, https:\/\/www.idc-defence.com\/wp-content\/uploads\/2020\/08\/ht2-50x17.jpg 50w, https:\/\/www.idc-defence.com\/wp-content\/uploads\/2020\/08\/ht2-150x50.jpg 150w\" sizes=\"auto, (max-width:767px) 250px, 250px\" \/>IDC handles manual demining actions working with\u00a0 of the best explosive professionals.<\/p>\n<p>However, our company serves mechanical and robotic systems for the\u00a0 place of manuel demining,a dangerous work for human life.We continue our R&amp;D activities for enhancing new Technologies with our partners.<\/p>\n","protected":false},"excerpt":{"rendered":"<p>Tespit sistemleri ile yerleri belirlenen may\u0131nlar\u0131n bulundu\u011fu b\u00f6lgede \u00f6ncelikle i\u015faretleme yap\u0131l\u0131r. Tespit edilen her may\u0131n i\u015faretlendikten sonra b\u00f6lgenin haritas\u0131 \u00e7\u0131kar\u0131l\u0131r. \u0130\u015faretlenen b\u00f6lgeler personel giri\u015fini engellemek i\u00e7in<span class=\"excerpt-hellip\"> [\u2026]<\/span><\/p>\n","protected":false},"author":1,"featured_media":0,"parent":0,"menu_order":0,"comment_status":"closed","ping_status":"closed","template":"","meta":{"rs_blank_template":"","rs_page_bg_color":"","slide_template_v7":"","footnotes":""},"class_list":["post-500","page","type-page","status-publish","hentry"],"_links":{"self":[{"href":"https:\/\/www.idc-defence.com\/en\/wp-json\/wp\/v2\/pages\/500","targetHints":{"allow":["GET"]}}],"collection":[{"href":"https:\/\/www.idc-defence.com\/en\/wp-json\/wp\/v2\/pages"}],"about":[{"href":"https:\/\/www.idc-defence.com\/en\/wp-json\/wp\/v2\/types\/page"}],"author":[{"embeddable":true,"href":"https:\/\/www.idc-defence.com\/en\/wp-json\/wp\/v2\/users\/1"}],"replies":[{"embeddable":true,"href":"https:\/\/www.idc-defence.com\/en\/wp-json\/wp\/v2\/comments?post=500"}],"version-history":[{"count":2,"href":"https:\/\/www.idc-defence.com\/en\/wp-json\/wp\/v2\/pages\/500\/revisions"}],"predecessor-version":[{"id":502,"href":"https:\/\/www.idc-defence.com\/en\/wp-json\/wp\/v2\/pages\/500\/revisions\/502"}],"wp:attachment":[{"href":"https:\/\/www.idc-defence.com\/en\/wp-json\/wp\/v2\/media?parent=500"}],"curies":[{"name":"wp","href":"https:\/\/api.w.org\/{rel}","templated":true}]}}