{"id":531,"date":"2020-08-21T12:04:36","date_gmt":"2020-08-21T09:04:36","guid":{"rendered":"http:\/\/www.idc-defence.com\/shelter\/"},"modified":"2020-08-21T12:05:36","modified_gmt":"2020-08-21T09:05:36","slug":"shelter","status":"publish","type":"page","link":"https:\/\/www.idc-defence.com\/en\/shelter\/","title":{"rendered":"Shelter"},"content":{"rendered":"<p>ALEX-SISTEMI S.P.A., we bring together technology and engineering to create solutions for the benefit of our customers. We deliver the forward-thinking answers our customers require to succeed in a world in action. We are driven without compromise to bring our customers quality solutions during all design and planning steps.<\/p>\n<p>ALEX-SISTEMI\u2019s innovative technologies and products can rely on sophisticated process control systems that help ensure the efficient, safe and high-quality production. We move beyond standalone products to create integrated solutions that incorporate world-class technologies with superior engineering.<\/p>\n<p><strong>ALEX-SISTEMI S.P.A.can supply:<\/strong><\/p>\n<ul>\n<li>Integrated systems in Defence, Space and Air Traffic Control sectors<\/li>\n<li>Solutions for Oil &amp; Gas Plants<\/li>\n<li>Solutions for Disaster Recovery<\/li>\n<li>Metallic carpentry<\/li>\n<\/ul>\n<p>In Defence, Space and ATC technologies ALEX-SISTEMI S.P.A.is able to develop, manufacture and test the following products:<\/p>\n<ul>\n<li>Systems for aerospace and air traffic control applications<\/li>\n<li>Command &amp; Control airtransportable Sheltered equipped systems (fixed &amp; expandable)<\/li>\n<li>Airtransportable Ground Control Stations (UAV Unmanned Aerial Vheicle applications \u2013Predator &amp; Falco Systems)<\/li>\n<li>Radar Sheltered Systems<\/li>\n<li>Logistic Sheltered solutions<\/li>\n<li>Consolles, Cabinets &amp; Racks (GCS consolle)<\/li>\n<li>Mechanical Ground Support Equipment (M.G.S.E.)<\/li>\n<li>Electrical Ground Support Equipment (E.G.S.E.)<\/li>\n<li>Satellite Transport Container (Globalstar 2)<\/li>\n<li>Electrical boards and energy stations<\/li>\n<li>Antenna Systems<\/li>\n<li>Air conditioning systems<\/li>\n<li>Levelling and lifting Systems<\/li>\n<li>Launch ramps<\/li>\n<li>Telescopic poles<\/li>\n<li>UPS<\/li>\n<\/ul>\n<div>\n<div id=\"attachment_518\" style=\"width: 379px\" class=\"wp-caption aligncenter\"><img loading=\"lazy\" decoding=\"async\" aria-describedby=\"caption-attachment-518\" class=\"size-full wp-image-518\" src=\"https:\/\/www.idc-defence.com\/wp-content\/uploads\/2020\/08\/fabrikadan-imalat.jpg\" alt=\"Fabrikadan \u0130malattan G\u00f6r\u00fcn\u00fcm\" width=\"369\" height=\"276\" srcset=\"https:\/\/www.idc-defence.com\/wp-content\/uploads\/2020\/08\/fabrikadan-imalat.jpg 369w, https:\/\/www.idc-defence.com\/wp-content\/uploads\/2020\/08\/fabrikadan-imalat-300x224.jpg 300w, https:\/\/www.idc-defence.com\/wp-content\/uploads\/2020\/08\/fabrikadan-imalat-195x146.jpg 195w, https:\/\/www.idc-defence.com\/wp-content\/uploads\/2020\/08\/fabrikadan-imalat-50x37.jpg 50w, https:\/\/www.idc-defence.com\/wp-content\/uploads\/2020\/08\/fabrikadan-imalat-100x75.jpg 100w\" sizes=\"auto, (max-width:767px) 369px, 369px\" \/><p id=\"caption-attachment-518\" class=\"wp-caption-text\">Fabrikadan \u0130malattan G\u00f6r\u00fcn\u00fcm<\/p><\/div>\n<div id=\"attachment_520\" style=\"width: 465px\" class=\"wp-caption aligncenter\"><img loading=\"lazy\" decoding=\"async\" aria-describedby=\"caption-attachment-520\" class=\"size-full wp-image-520\" src=\"https:\/\/www.idc-defence.com\/wp-content\/uploads\/2020\/08\/uretim-depolama.jpg\" alt=\"Fabrikada \u00dcretim Depolama Alan\u0131\" width=\"455\" height=\"341\" srcset=\"https:\/\/www.idc-defence.com\/wp-content\/uploads\/2020\/08\/uretim-depolama.jpg 455w, https:\/\/www.idc-defence.com\/wp-content\/uploads\/2020\/08\/uretim-depolama-300x225.jpg 300w, https:\/\/www.idc-defence.com\/wp-content\/uploads\/2020\/08\/uretim-depolama-195x146.jpg 195w, https:\/\/www.idc-defence.com\/wp-content\/uploads\/2020\/08\/uretim-depolama-50x37.jpg 50w, https:\/\/www.idc-defence.com\/wp-content\/uploads\/2020\/08\/uretim-depolama-100x75.jpg 100w\" sizes=\"auto, (max-width:767px) 455px, 455px\" \/><p id=\"caption-attachment-520\" class=\"wp-caption-text\">Fabrikada \u00dcretim Depolama Alan\u0131<\/p><\/div>\n<div id=\"attachment_522\" style=\"width: 577px\" class=\"wp-caption aligncenter\"><img loading=\"lazy\" decoding=\"async\" aria-describedby=\"caption-attachment-522\" class=\"size-full wp-image-522\" src=\"https:\/\/www.idc-defence.com\/wp-content\/uploads\/2020\/08\/askeri-shelter.jpg\" alt=\"Askeri Shelter Planlama ve \u00dcr\u00fcn\" width=\"567\" height=\"409\" srcset=\"https:\/\/www.idc-defence.com\/wp-content\/uploads\/2020\/08\/askeri-shelter.jpg 567w, https:\/\/www.idc-defence.com\/wp-content\/uploads\/2020\/08\/askeri-shelter-300x216.jpg 300w, https:\/\/www.idc-defence.com\/wp-content\/uploads\/2020\/08\/askeri-shelter-202x146.jpg 202w, https:\/\/www.idc-defence.com\/wp-content\/uploads\/2020\/08\/askeri-shelter-50x36.jpg 50w, https:\/\/www.idc-defence.com\/wp-content\/uploads\/2020\/08\/askeri-shelter-104x75.jpg 104w\" sizes=\"auto, (max-width:767px) 480px, 567px\" \/><p id=\"caption-attachment-522\" class=\"wp-caption-text\">Askeri Shelter Planlama ve \u00dcr\u00fcn<\/p><\/div>\n<div id=\"attachment_524\" style=\"width: 461px\" class=\"wp-caption aligncenter\"><img loading=\"lazy\" decoding=\"async\" aria-describedby=\"caption-attachment-524\" class=\"size-full wp-image-524\" src=\"https:\/\/www.idc-defence.com\/wp-content\/uploads\/2020\/08\/muhabere-shelteri.jpg\" alt=\"Muhabere Shelteri\" width=\"451\" height=\"300\" srcset=\"https:\/\/www.idc-defence.com\/wp-content\/uploads\/2020\/08\/muhabere-shelteri.jpg 451w, https:\/\/www.idc-defence.com\/wp-content\/uploads\/2020\/08\/muhabere-shelteri-300x200.jpg 300w, https:\/\/www.idc-defence.com\/wp-content\/uploads\/2020\/08\/muhabere-shelteri-219x146.jpg 219w, https:\/\/www.idc-defence.com\/wp-content\/uploads\/2020\/08\/muhabere-shelteri-50x33.jpg 50w, https:\/\/www.idc-defence.com\/wp-content\/uploads\/2020\/08\/muhabere-shelteri-113x75.jpg 113w\" sizes=\"auto, (max-width:767px) 451px, 451px\" \/><p id=\"caption-attachment-524\" class=\"wp-caption-text\">Muhabere Shelteri<\/p><\/div>\n<div id=\"attachment_526\" style=\"width: 349px\" class=\"wp-caption aligncenter\"><img loading=\"lazy\" decoding=\"async\" aria-describedby=\"caption-attachment-526\" class=\"size-full wp-image-526\" src=\"https:\/\/www.idc-defence.com\/wp-content\/uploads\/2020\/08\/komuta-kontrol.jpg\" alt=\"Komuta Kontrol Merkezi\" width=\"339\" height=\"287\" srcset=\"https:\/\/www.idc-defence.com\/wp-content\/uploads\/2020\/08\/komuta-kontrol.jpg 339w, https:\/\/www.idc-defence.com\/wp-content\/uploads\/2020\/08\/komuta-kontrol-300x254.jpg 300w, https:\/\/www.idc-defence.com\/wp-content\/uploads\/2020\/08\/komuta-kontrol-172x146.jpg 172w, https:\/\/www.idc-defence.com\/wp-content\/uploads\/2020\/08\/komuta-kontrol-50x42.jpg 50w, https:\/\/www.idc-defence.com\/wp-content\/uploads\/2020\/08\/komuta-kontrol-89x75.jpg 89w\" sizes=\"auto, (max-width:767px) 339px, 339px\" \/><p id=\"caption-attachment-526\" class=\"wp-caption-text\">Komuta Kontrol Merkezi<\/p><\/div>\n<div id=\"attachment_528\" style=\"width: 310px\" class=\"wp-caption aligncenter\"><img loading=\"lazy\" decoding=\"async\" aria-describedby=\"caption-attachment-528\" class=\"size-full wp-image-528\" src=\"https:\/\/www.idc-defence.com\/wp-content\/uploads\/2020\/08\/hava-kontrol.jpg\" alt=\"Hava Kontrol Merkezi Shelteri\" width=\"300\" height=\"376\" srcset=\"https:\/\/www.idc-defence.com\/wp-content\/uploads\/2020\/08\/hava-kontrol.jpg 300w, https:\/\/www.idc-defence.com\/wp-content\/uploads\/2020\/08\/hava-kontrol-239x300.jpg 239w, https:\/\/www.idc-defence.com\/wp-content\/uploads\/2020\/08\/hava-kontrol-116x146.jpg 116w, https:\/\/www.idc-defence.com\/wp-content\/uploads\/2020\/08\/hava-kontrol-40x50.jpg 40w, https:\/\/www.idc-defence.com\/wp-content\/uploads\/2020\/08\/hava-kontrol-60x75.jpg 60w\" sizes=\"auto, (max-width:767px) 300px, 300px\" \/><p id=\"caption-attachment-528\" class=\"wp-caption-text\">Hava Kontrol Merkezi Shelteri<\/p><\/div>\n<\/div>\n","protected":false},"excerpt":{"rendered":"<p>ALEX-SISTEMI S.P.A., we bring together technology and engineering to create solutions for the benefit of our customers. We deliver the forward-thinking answers our customers require to<span class=\"excerpt-hellip\"> [\u2026]<\/span><\/p>\n","protected":false},"author":1,"featured_media":0,"parent":0,"menu_order":0,"comment_status":"closed","ping_status":"closed","template":"","meta":{"rs_blank_template":"","rs_page_bg_color":"","slide_template_v7":"","footnotes":""},"class_list":["post-531","page","type-page","status-publish","hentry"],"_links":{"self":[{"href":"https:\/\/www.idc-defence.com\/en\/wp-json\/wp\/v2\/pages\/531","targetHints":{"allow":["GET"]}}],"collection":[{"href":"https:\/\/www.idc-defence.com\/en\/wp-json\/wp\/v2\/pages"}],"about":[{"href":"https:\/\/www.idc-defence.com\/en\/wp-json\/wp\/v2\/types\/page"}],"author":[{"embeddable":true,"href":"https:\/\/www.idc-defence.com\/en\/wp-json\/wp\/v2\/users\/1"}],"replies":[{"embeddable":true,"href":"https:\/\/www.idc-defence.com\/en\/wp-json\/wp\/v2\/comments?post=531"}],"version-history":[{"count":2,"href":"https:\/\/www.idc-defence.com\/en\/wp-json\/wp\/v2\/pages\/531\/revisions"}],"predecessor-version":[{"id":533,"href":"https:\/\/www.idc-defence.com\/en\/wp-json\/wp\/v2\/pages\/531\/revisions\/533"}],"wp:attachment":[{"href":"https:\/\/www.idc-defence.com\/en\/wp-json\/wp\/v2\/media?parent=531"}],"curies":[{"name":"wp","href":"https:\/\/api.w.org\/{rel}","templated":true}]}}